{"id":30345,"date":"2018-12-06T12:49:02","date_gmt":"2018-12-06T11:49:02","guid":{"rendered":"https:\/\/comunidadsosmusic.com\/about-us\/"},"modified":"2022-10-28T14:37:14","modified_gmt":"2022-10-28T12:37:14","slug":"about-us","status":"publish","type":"page","link":"https:\/\/comunidadsosmusic.es\/en\/about-us\/","title":{"rendered":"About us"},"content":{"rendered":"\n<section class=\"wp-block-uagb-columns uagb-columns__wrap uagb-columns__background-color uagb-columns__stack-mobile uagb-columns__valign- uagb-columns__gap-10 align uagb-block-b4a56550 uagb-columns__columns-3 uagb-columns__max_width-theme\"><div class=\"uagb-columns__overlay\"><\/div><div class=\"uagb-columns__inner-wrap uagb-columns__columns-3\">\n<div class=\"wp-block-uagb-column uagb-column__wrap uagb-column__background-undefined uagb-block-b7294185\"><div class=\"uagb-column__overlay\"><\/div>\n<p><\/p>\n<\/div>\n\n\n\n<div class=\"wp-block-uagb-column uagb-column__wrap uagb-column__background-undefined uagb-block-b6cae1ca\"><div class=\"uagb-column__overlay\"><\/div>\n<div class=\"wp-block-uagb-info-box uagb-block-c1483d0e uagb-infobox__content-wrap  uagb-infobox-icon-above-title uagb-infobox-image-valign-top\"><div class=\"uagb-ifb-content\"><div class=\"uagb-ifb-title-wrap\"><h1 class=\"uagb-ifb-title\"> About us<\/h1><\/div><p class=\"uagb-ifb-desc\">To learn more about this innovative project, who is behind it, our philosophy and how it came about, keep reading&#8230;<\/p><\/div><\/div>\n<\/div>\n\n\n\n<div class=\"wp-block-uagb-column uagb-column__wrap uagb-column__background-undefined uagb-block-bc216b54\"><div class=\"uagb-column__overlay\"><\/div><\/div>\n<\/div><\/section>\n\n\n\n<section class=\"wp-block-uagb-section uagb-section__wrap uagb-section__background-color uagb-block-2046232c\"><div class=\"uagb-section__overlay\"><\/div><div class=\"uagb-section__inner-wrap\">\n<section class=\"wp-block-uagb-columns uagb-columns__wrap uagb-columns__stack-mobile uagb-columns__valign- uagb-columns__gap-10 align uagb-block-a2954fb0 uagb-columns__columns-1 uagb-columns__max_width-custom\"><div class=\"uagb-columns__overlay\"><\/div><div class=\"uagb-columns__inner-wrap uagb-columns__columns-1\">\n<div class=\"wp-block-uagb-column uagb-column__wrap uagb-column__background-undefined uagb-block-9d2594a9\"><div class=\"uagb-column__overlay\"><\/div>\n<h2 class=\"has-text-align-center wp-block-heading\"><strong>It all started&#8230;<\/strong><\/h2>\n\n\n\n<p>My name is Daniel Vicente, creator of SOS Music. I am a flamenco guitarist and teacher. Like all great ideas, SOS Music emerged from a need.<\/p>\n\n\n\n<p>It all started when throughout the academic courses some of my students told me that what they had learned in previous courses or even in the previous quarter were unable to touch it. But the last straw was the next personal experience&#8230;.<\/p>\n\n\n\n<p>Summer Night 2018, Aldea del Roc\u00edo (Huelva). That night he accompanied at a private party, for those who do not know, a flamenco guitarist must be prepared to accompany anyone without the need for a previous rehearsal. In part of the performance I was blank and had to improvise much of what was left at night. That situation made me reflect and come to wonder if I was studying properly.<\/p>\n\n\n\n<p>From here I began to research on study methods, learning strategies, memory and the curve of forgetfulness. It must be said that in this field I had the great help of my travel companion and collaborator Maria Jes\u00fas, a degree in Psychology, whom I would like to thank for all your support. During this process I met the SM2 algorithm<a href=\"https:\/\/www.supermemo.com\/),\">(https:\/\/www.supermemo.com\/)<\/a> and set out to adapt it to all the needs of a music student.<\/p>\n\n\n\n<p>Since then every day I continue to work and learn to improve SOS Music, thanks to this, the adaptation of the algorithm has become a tiny part of the great product achieved, SOS Music.<\/p>\n<\/div>\n<\/div><\/section>\n\n\n\n<p><\/p>\n<\/div><\/section>\n\n\n\n<section class=\"wp-block-uagb-section uagb-section__wrap uagb-section__background-undefined uagb-block-255dc1f2\"><div class=\"uagb-section__overlay\"><\/div><div class=\"uagb-section__inner-wrap\">\n<section class=\"wp-block-uagb-columns uagb-columns__wrap uagb-columns__stack-mobile uagb-columns__valign- uagb-columns__gap-10 align uagb-block-6e6ce745 uagb-columns__columns-2 uagb-columns__max_width-custom\"><div class=\"uagb-columns__overlay\"><\/div><div class=\"uagb-columns__inner-wrap uagb-columns__columns-2\">\n<div class=\"wp-block-uagb-column uagb-column__wrap uagb-column__background-undefined uagb-block-6f3f20aa\"><div class=\"uagb-column__overlay\"><\/div>\n<h2 class=\"wp-block-heading\"><strong>Get to know me better<\/strong><\/h2>\n\n\n\n<p>Daniel Vicente, artistic name of Daniel Jer\u00f3nimo Vicente Garc\u00eda (b. Elche 17\/02\/1988), natural flamenco guitarist of La Murada, a hamlet of Orihuela (Alicante), home land of the renowned flamenco poet Miguel Hern\u00e1ndez.<br><br> In 2017 he decided to take the entrance test to the Conservatorio Profesional de M\u00fasica Crist\u00f3bal de Morales in Seville, where he obtained the best qualification of the call. Since then he has combined his studies at the Conservatorio Profesional de M\u00fasica Crist\u00f3bal de Morales, while teaching at the Rebollar Academy of Performing Arts. He currently does research on how to improve academic performance in Music students, having developed a novel system of organizing study sessions for musicians and other related arts.<br><br> She has worked at Laura Vital&#8217;s company, participating in several of her shows, she has also shared the stage with singers such as Nano de Jerez and Manuel Romero, as well as having accompanied great dance figures such as Yolanda Lorenzo and Maria Rebollar.<br><br> Flamenco guitarist with a traditional touch and with a great knowledge of singing. Today he is one of the most requested guitarists by the Flamenco Pe\u00f1as of Seville.<\/p>\n<\/div>\n\n\n\n<div class=\"wp-block-uagb-column uagb-column__wrap uagb-column__background-undefined uagb-block-a6bb6ed7\"><div class=\"uagb-column__overlay\"><\/div>\n<figure class=\"wp-block-image size-large\"><img decoding=\"async\" width=\"438\" height=\"292\" src=\"https:\/\/comunidadsosmusic.es\/wp-content\/uploads\/2020\/06\/daniel-vicente.jpg\" alt=\"\" class=\"wp-image-25540\" srcset=\"https:\/\/comunidadsosmusic.es\/wp-content\/uploads\/2020\/06\/daniel-vicente.jpg 438w, https:\/\/comunidadsosmusic.es\/wp-content\/uploads\/2020\/06\/daniel-vicente-300x200.jpg 300w, https:\/\/comunidadsosmusic.es\/wp-content\/uploads\/2020\/06\/daniel-vicente-400x267.jpg 400w\" sizes=\"(max-width: 438px) 100vw, 438px\" \/><\/figure>\n\n\n\n<figure class=\"wp-block-image size-large is-resized\"><img decoding=\"async\" src=\"https:\/\/comunidadsosmusic.es\/wp-content\/uploads\/2020\/06\/200215_MiguelJimenez_La-Fragua_223422-1-e1586791298159.jpg\" alt=\"\" class=\"wp-image-25539\" width=\"438\" height=\"292\" srcset=\"https:\/\/comunidadsosmusic.es\/wp-content\/uploads\/2020\/06\/200215_MiguelJimenez_La-Fragua_223422-1-e1586791298159.jpg 600w, https:\/\/comunidadsosmusic.es\/wp-content\/uploads\/2020\/06\/200215_MiguelJimenez_La-Fragua_223422-1-e1586791298159-300x201.jpg 300w, https:\/\/comunidadsosmusic.es\/wp-content\/uploads\/2020\/06\/200215_MiguelJimenez_La-Fragua_223422-1-e1586791298159-400x267.jpg 400w\" sizes=\"(max-width: 438px) 100vw, 438px\" \/><\/figure>\n<\/div>\n<\/div><\/section>\n\n\n\n<p><\/p>\n<\/div><\/section>\n\n\n\n<section class=\"wp-block-uagb-columns uagb-columns__wrap uagb-columns__background-color uagb-columns__stack-mobile uagb-columns__valign- uagb-columns__gap-10 align uagb-block-bdc9d0a2 uagb-columns__columns-1 uagb-columns__max_width-custom\"><div class=\"uagb-columns__overlay\"><\/div><div class=\"uagb-columns__inner-wrap uagb-columns__columns-1\">\n<div class=\"wp-block-uagb-column uagb-column__wrap uagb-column__background-undefined uagb-block-f2a02248\"><div class=\"uagb-column__overlay\"><\/div>\n<div class=\"wp-block-uagb-advanced-heading uagb-block-0a78826b\" id=\"uagb-adv-heading-effccb1e-4c0e-4f25-af8a-e3b65272e56c\"><h2 class=\"uagb-heading-text\"> What do our users think?<\/h2><\/div>\n\n\n\n<div class=\"wp-block-uagb-testimonial uagb-testomonial__outer-wrap uagb-slick-carousel uagb-tm__arrow-outside uagb-block-468f68b2\"><div class=\"is-carousel uagb-tm__columns-2 uagb-tm__items\"><div class=\"uagb-testimonial__wrap  uagb-tm__imgicon-style-circle uagb-tm__image-position-bottom uagb-tm__bg-type-color \"><div class=\"uagb-tm__content\"><div class=\"uagb-tm__overlay\"><\/div><div class=\"uagb-tm__text-wrap\"><div class=\"uagb-tm__desc\">SOS Music es una aplicaci\u00f3n muy completa y con mucho potencial. Muy \u00fatil para organizar sesiones de estudio de formas diferentes. Permite personalizarla a tu gusto y se adapta a tu ritmo y a tu capacidad de aprendizaje, adem\u00e1s cuenta con muy buenas herramientas que te facilitan el estudio.<\/div><div class=\"uagb-tm__meta-inner\"><div class=\"uagb-testimonial-details\"><span class=\"uagb-tm__author-name\">Jose Manuel<\/span><span class=\"uagb-tm__company\">de Sevilla, Espa\u00f1a<\/span><\/div><\/div><\/div><\/div><\/div><div class=\"uagb-testimonial__wrap  uagb-tm__imgicon-style-circle uagb-tm__image-position-bottom uagb-tm__bg-type-color \"><div class=\"uagb-tm__content\"><div class=\"uagb-tm__overlay\"><\/div><div class=\"uagb-tm__text-wrap\"><div class=\"uagb-tm__desc\">La aplicaci\u00f3n me gusta, la veo \u00fatil y pr\u00e1ctica.<\/div><div class=\"uagb-tm__meta-inner\"><div class=\"uagb-testimonial-details\"><span class=\"uagb-tm__author-name\">Alberto<\/span><span class=\"uagb-tm__company\">de Zaragoza, Espa\u00f1a <\/span><\/div><\/div><\/div><\/div><\/div><div class=\"uagb-testimonial__wrap  uagb-tm__imgicon-style-circle uagb-tm__image-position-bottom uagb-tm__bg-type-color \"><div class=\"uagb-tm__content\"><div class=\"uagb-tm__overlay\"><\/div><div class=\"uagb-tm__text-wrap\"><div class=\"uagb-tm__desc\">Mi experiencia con SOS Music es muy positiva, a\u00fan hay aspectos que a\u00fan no controlo ni domino y que creo que mejorar\u00edan las prestaciones que tiene, los iremos aprendiendo\u2026<\/div><div class=\"uagb-tm__meta-inner\"><div class=\"uagb-testimonial-details\"><span class=\"uagb-tm__author-name\">Paco<\/span><span class=\"uagb-tm__company\">de Sevilla, Espa\u00f1a<\/span><\/div><\/div><\/div><\/div><\/div><div class=\"uagb-testimonial__wrap  uagb-tm__imgicon-style-circle uagb-tm__image-position-bottom uagb-tm__bg-type-color \"><div class=\"uagb-tm__content\"><div class=\"uagb-tm__overlay\"><\/div><div class=\"uagb-tm__text-wrap\"><div class=\"uagb-tm__desc\">Teniendo en cuenta mis limitaciones con la inform\u00e1tica, mentir\u00eda si no dijera que es una herramienta fant\u00e1stica y de gran ayuda.<\/div><div class=\"uagb-tm__meta-inner\"><div class=\"uagb-testimonial-details\"><span class=\"uagb-tm__author-name\">Jose Antonio<\/span><span class=\"uagb-tm__company\">de Sevilla, Espa\u00f1a<\/span><\/div><\/div><\/div><\/div><\/div><\/div><\/div>\n<\/div>\n<\/div><\/section>\n\n\n\n<section class=\"wp-block-uagb-columns uagb-columns__wrap uagb-columns__background-color uagb-columns__stack-mobile uagb-columns__valign- uagb-columns__gap-10 align uagb-block-92795a62 uagb-columns__columns-3 uagb-columns__max_width-theme\"><div class=\"uagb-columns__overlay\"><\/div><div class=\"uagb-columns__inner-wrap uagb-columns__columns-3\">\n<div class=\"wp-block-uagb-column uagb-column__wrap uagb-column__background-undefined uagb-block-736ae371\"><div class=\"uagb-column__overlay\"><\/div>\n<p><\/p>\n<\/div>\n\n\n\n<div class=\"wp-block-uagb-column uagb-column__wrap uagb-column__background-undefined uagb-block-35fbb310\"><div class=\"uagb-column__overlay\"><\/div>\n<div class=\"wp-block-uagb-info-box uagb-block-cdef7958 uagb-infobox__content-wrap  uagb-infobox-icon-above-title uagb-infobox-image-valign-top uagb-infobox__outer-wrap\"><div class=\"uagb-ifb-content\"><div class=\"uagb-ifb-title-wrap\"><h2 class=\"uagb-ifb-title\">Do you know our App?<\/h2><\/div><p class=\"uagb-ifb-desc\">The SOS Music App is a virtual platform that offers you a selection of tools to optimize and improve your performance<\/p><div class=\"uagb-ifb-button-wrapper wp-block-button\"><a href=\"https:\/\/comunidadsosmusic.es\/app\/\" class=\"uagb-infobox-cta-link wp-block-button__link\" target=\"_self\" rel=\"noopener noreferrer\" alt=\"\"><span class=\"uagb-inline-editing\">More information<\/span><\/a><\/div><\/div><\/div>\n<\/div>\n\n\n\n<div class=\"wp-block-uagb-column uagb-column__wrap uagb-column__background-undefined uagb-block-ff84081d\"><div class=\"uagb-column__overlay\"><\/div><\/div>\n<\/div><\/section>\n","protected":false},"excerpt":{"rendered":"<p>What do our users think?<\/p>\n","protected":false},"author":1,"featured_media":0,"parent":0,"menu_order":0,"comment_status":"closed","ping_status":"closed","template":"","meta":{"_bbp_topic_count":0,"_bbp_reply_count":0,"_bbp_total_topic_count":0,"_bbp_total_reply_count":0,"_bbp_voice_count":0,"_bbp_anonymous_reply_count":0,"_bbp_topic_count_hidden":0,"_bbp_reply_count_hidden":0,"_bbp_forum_subforum_count":0,"_uag_custom_page_level_css":"","site-sidebar-layout":"no-sidebar","site-content-layout":"page-builder","ast-site-content-layout":"default","site-content-style":"default","site-sidebar-style":"default","ast-global-header-display":"","ast-banner-title-visibility":"","ast-main-header-display":"","ast-hfb-above-header-display":"","ast-hfb-below-header-display":"","ast-hfb-mobile-header-display":"","site-post-title":"disabled","ast-breadcrumbs-content":"","ast-featured-img":"disabled","footer-sml-layout":"","theme-transparent-header-meta":"enabled","adv-header-id-meta":"","stick-header-meta":"","header-above-stick-meta":"","header-main-stick-meta":"","header-below-stick-meta":"","astra-migrate-meta-layouts":"default","ast-page-background-enabled":"default","ast-page-background-meta":{"desktop":{"background-color":"","background-image":"","background-repeat":"repeat","background-position":"center center","background-size":"auto","background-attachment":"scroll","background-type":"","background-media":"","overlay-type":"","overlay-color":"","overlay-opacity":"","overlay-gradient":""},"tablet":{"background-color":"","background-image":"","background-repeat":"repeat","background-position":"center center","background-size":"auto","background-attachment":"scroll","background-type":"","background-media":"","overlay-type":"","overlay-color":"","overlay-opacity":"","overlay-gradient":""},"mobile":{"background-color":"","background-image":"","background-repeat":"repeat","background-position":"center center","background-size":"auto","background-attachment":"scroll","background-type":"","background-media":"","overlay-type":"","overlay-color":"","overlay-opacity":"","overlay-gradient":""}},"ast-content-background-meta":{"desktop":{"background-color":"var(--ast-global-color-5)","background-image":"","background-repeat":"repeat","background-position":"center center","background-size":"auto","background-attachment":"scroll","background-type":"","background-media":"","overlay-type":"","overlay-color":"","overlay-opacity":"","overlay-gradient":""},"tablet":{"background-color":"var(--ast-global-color-5)","background-image":"","background-repeat":"repeat","background-position":"center center","background-size":"auto","background-attachment":"scroll","background-type":"","background-media":"","overlay-type":"","overlay-color":"","overlay-opacity":"","overlay-gradient":""},"mobile":{"background-color":"var(--ast-global-color-5)","background-image":"","background-repeat":"repeat","background-position":"center center","background-size":"auto","background-attachment":"scroll","background-type":"","background-media":"","overlay-type":"","overlay-color":"","overlay-opacity":"","overlay-gradient":""}},"footnotes":""},"class_list":["post-30345","page","type-page","status-publish","hentry"],"yoast_head":"<title>About us - Comunidad SOS Music<\/title>\n<meta name=\"robots\" content=\"index, follow, max-snippet:-1, max-image-preview:large, max-video-preview:-1\" \/>\n<link rel=\"canonical\" href=\"https:\/\/comunidadsosmusic.es\/en\/about-us\/\" \/>\n<meta property=\"og:locale\" content=\"en_US\" \/>\n<meta property=\"og:type\" content=\"article\" \/>\n<meta property=\"og:title\" content=\"About us - Comunidad SOS Music\" \/>\n<meta property=\"og:description\" content=\"What do our users think?\" \/>\n<meta property=\"og:url\" content=\"https:\/\/comunidadsosmusic.es\/en\/about-us\/\" \/>\n<meta property=\"og:site_name\" content=\"Comunidad SOS Music\" \/>\n<meta property=\"article:modified_time\" content=\"2022-10-28T12:37:14+00:00\" \/>\n<meta property=\"og:image\" content=\"https:\/\/comunidadsosmusic.es\/wp-content\/uploads\/2020\/06\/daniel-vicente.jpg\" \/>\n<meta name=\"twitter:card\" content=\"summary_large_image\" \/>\n<meta name=\"twitter:label1\" content=\"Est. reading time\" \/>\n\t<meta name=\"twitter:data1\" content=\"4 minutes\" \/>\n<script type=\"application\/ld+json\" class=\"yoast-schema-graph\">{\"@context\":\"https:\/\/schema.org\",\"@graph\":[{\"@type\":\"WebPage\",\"@id\":\"https:\/\/comunidadsosmusic.es\/en\/about-us\/\",\"url\":\"https:\/\/comunidadsosmusic.es\/en\/about-us\/\",\"name\":\"About us - Comunidad SOS Music\",\"isPartOf\":{\"@id\":\"https:\/\/comunidadsosmusic.es\/en\/#website\"},\"primaryImageOfPage\":{\"@id\":\"https:\/\/comunidadsosmusic.es\/en\/about-us\/#primaryimage\"},\"image\":{\"@id\":\"https:\/\/comunidadsosmusic.es\/en\/about-us\/#primaryimage\"},\"thumbnailUrl\":\"https:\/\/comunidadsosmusic.es\/wp-content\/uploads\/2020\/06\/daniel-vicente.jpg\",\"datePublished\":\"2018-12-06T11:49:02+00:00\",\"dateModified\":\"2022-10-28T12:37:14+00:00\",\"breadcrumb\":{\"@id\":\"https:\/\/comunidadsosmusic.es\/en\/about-us\/#breadcrumb\"},\"inLanguage\":\"en-US\",\"potentialAction\":[{\"@type\":\"ReadAction\",\"target\":[\"https:\/\/comunidadsosmusic.es\/en\/about-us\/\"]}]},{\"@type\":\"ImageObject\",\"inLanguage\":\"en-US\",\"@id\":\"https:\/\/comunidadsosmusic.es\/en\/about-us\/#primaryimage\",\"url\":\"https:\/\/comunidadsosmusic.es\/wp-content\/uploads\/2020\/06\/daniel-vicente.jpg\",\"contentUrl\":\"https:\/\/comunidadsosmusic.es\/wp-content\/uploads\/2020\/06\/daniel-vicente.jpg\"},{\"@type\":\"BreadcrumbList\",\"@id\":\"https:\/\/comunidadsosmusic.es\/en\/about-us\/#breadcrumb\",\"itemListElement\":[{\"@type\":\"ListItem\",\"position\":1,\"name\":\"Portada\",\"item\":\"https:\/\/comunidadsosmusic.es\/en\/\"},{\"@type\":\"ListItem\",\"position\":2,\"name\":\"About us\"}]},{\"@type\":\"WebSite\",\"@id\":\"https:\/\/comunidadsosmusic.es\/en\/#website\",\"url\":\"https:\/\/comunidadsosmusic.es\/en\/\",\"name\":\"Comunidad SOS Music\",\"description\":\"Formaci\u00f3n online para m\u00fasicos\",\"publisher\":{\"@id\":\"https:\/\/comunidadsosmusic.es\/en\/#organization\"},\"potentialAction\":[{\"@type\":\"SearchAction\",\"target\":{\"@type\":\"EntryPoint\",\"urlTemplate\":\"https:\/\/comunidadsosmusic.es\/en\/?s={search_term_string}\"},\"query-input\":{\"@type\":\"PropertyValueSpecification\",\"valueRequired\":true,\"valueName\":\"search_term_string\"}}],\"inLanguage\":\"en-US\"},{\"@type\":\"Organization\",\"@id\":\"https:\/\/comunidadsosmusic.es\/en\/#organization\",\"name\":\"SOS Music\",\"url\":\"https:\/\/comunidadsosmusic.es\/en\/\",\"logo\":{\"@type\":\"ImageObject\",\"inLanguage\":\"en-US\",\"@id\":\"https:\/\/comunidadsosmusic.es\/en\/#\/schema\/logo\/image\/\",\"url\":\"https:\/\/comunidadsosmusic.es\/wp-content\/uploads\/2020\/07\/3.png\",\"contentUrl\":\"https:\/\/comunidadsosmusic.es\/wp-content\/uploads\/2020\/07\/3.png\",\"width\":500,\"height\":500,\"caption\":\"SOS Music\"},\"image\":{\"@id\":\"https:\/\/comunidadsosmusic.es\/en\/#\/schema\/logo\/image\/\"}}]}<\/script>","yoast_head_json":{"title":"About us - Comunidad SOS Music","robots":{"index":"index","follow":"follow","max-snippet":"max-snippet:-1","max-image-preview":"max-image-preview:large","max-video-preview":"max-video-preview:-1"},"canonical":"https:\/\/comunidadsosmusic.es\/en\/about-us\/","og_locale":"en_US","og_type":"article","og_title":"About us - Comunidad SOS Music","og_description":"What do our users think?","og_url":"https:\/\/comunidadsosmusic.es\/en\/about-us\/","og_site_name":"Comunidad SOS Music","article_modified_time":"2022-10-28T12:37:14+00:00","og_image":[{"url":"https:\/\/comunidadsosmusic.es\/wp-content\/uploads\/2020\/06\/daniel-vicente.jpg","type":"","width":"","height":""}],"twitter_card":"summary_large_image","twitter_misc":{"Est. reading time":"4 minutes"},"schema":{"@context":"https:\/\/schema.org","@graph":[{"@type":"WebPage","@id":"https:\/\/comunidadsosmusic.es\/en\/about-us\/","url":"https:\/\/comunidadsosmusic.es\/en\/about-us\/","name":"About us - Comunidad SOS Music","isPartOf":{"@id":"https:\/\/comunidadsosmusic.es\/en\/#website"},"primaryImageOfPage":{"@id":"https:\/\/comunidadsosmusic.es\/en\/about-us\/#primaryimage"},"image":{"@id":"https:\/\/comunidadsosmusic.es\/en\/about-us\/#primaryimage"},"thumbnailUrl":"https:\/\/comunidadsosmusic.es\/wp-content\/uploads\/2020\/06\/daniel-vicente.jpg","datePublished":"2018-12-06T11:49:02+00:00","dateModified":"2022-10-28T12:37:14+00:00","breadcrumb":{"@id":"https:\/\/comunidadsosmusic.es\/en\/about-us\/#breadcrumb"},"inLanguage":"en-US","potentialAction":[{"@type":"ReadAction","target":["https:\/\/comunidadsosmusic.es\/en\/about-us\/"]}]},{"@type":"ImageObject","inLanguage":"en-US","@id":"https:\/\/comunidadsosmusic.es\/en\/about-us\/#primaryimage","url":"https:\/\/comunidadsosmusic.es\/wp-content\/uploads\/2020\/06\/daniel-vicente.jpg","contentUrl":"https:\/\/comunidadsosmusic.es\/wp-content\/uploads\/2020\/06\/daniel-vicente.jpg"},{"@type":"BreadcrumbList","@id":"https:\/\/comunidadsosmusic.es\/en\/about-us\/#breadcrumb","itemListElement":[{"@type":"ListItem","position":1,"name":"Portada","item":"https:\/\/comunidadsosmusic.es\/en\/"},{"@type":"ListItem","position":2,"name":"About us"}]},{"@type":"WebSite","@id":"https:\/\/comunidadsosmusic.es\/en\/#website","url":"https:\/\/comunidadsosmusic.es\/en\/","name":"Comunidad SOS Music","description":"Formaci\u00f3n online para m\u00fasicos","publisher":{"@id":"https:\/\/comunidadsosmusic.es\/en\/#organization"},"potentialAction":[{"@type":"SearchAction","target":{"@type":"EntryPoint","urlTemplate":"https:\/\/comunidadsosmusic.es\/en\/?s={search_term_string}"},"query-input":{"@type":"PropertyValueSpecification","valueRequired":true,"valueName":"search_term_string"}}],"inLanguage":"en-US"},{"@type":"Organization","@id":"https:\/\/comunidadsosmusic.es\/en\/#organization","name":"SOS Music","url":"https:\/\/comunidadsosmusic.es\/en\/","logo":{"@type":"ImageObject","inLanguage":"en-US","@id":"https:\/\/comunidadsosmusic.es\/en\/#\/schema\/logo\/image\/","url":"https:\/\/comunidadsosmusic.es\/wp-content\/uploads\/2020\/07\/3.png","contentUrl":"https:\/\/comunidadsosmusic.es\/wp-content\/uploads\/2020\/07\/3.png","width":500,"height":500,"caption":"SOS Music"},"image":{"@id":"https:\/\/comunidadsosmusic.es\/en\/#\/schema\/logo\/image\/"}}]}},"uagb_featured_image_src":{"full":false,"thumbnail":false,"medium":false,"medium_large":false,"large":false,"1536x1536":false,"2048x2048":false},"uagb_author_info":{"display_name":"SOS Music","author_link":"https:\/\/comunidadsosmusic.es\/en\/author\/sos-music\/"},"uagb_comment_info":0,"uagb_excerpt":"What do our users think?","_links":{"self":[{"href":"https:\/\/comunidadsosmusic.es\/en\/wp-json\/wp\/v2\/pages\/30345","targetHints":{"allow":["GET"]}}],"collection":[{"href":"https:\/\/comunidadsosmusic.es\/en\/wp-json\/wp\/v2\/pages"}],"about":[{"href":"https:\/\/comunidadsosmusic.es\/en\/wp-json\/wp\/v2\/types\/page"}],"author":[{"embeddable":true,"href":"https:\/\/comunidadsosmusic.es\/en\/wp-json\/wp\/v2\/users\/1"}],"replies":[{"embeddable":true,"href":"https:\/\/comunidadsosmusic.es\/en\/wp-json\/wp\/v2\/comments?post=30345"}],"version-history":[{"count":1,"href":"https:\/\/comunidadsosmusic.es\/en\/wp-json\/wp\/v2\/pages\/30345\/revisions"}],"predecessor-version":[{"id":35707,"href":"https:\/\/comunidadsosmusic.es\/en\/wp-json\/wp\/v2\/pages\/30345\/revisions\/35707"}],"wp:attachment":[{"href":"https:\/\/comunidadsosmusic.es\/en\/wp-json\/wp\/v2\/media?parent=30345"}],"curies":[{"name":"wp","href":"https:\/\/api.w.org\/{rel}","templated":true}]}}